{"id":915,"date":"2024-04-05T22:23:27","date_gmt":"2024-04-05T20:23:27","guid":{"rendered":"http:\/\/192.168.241.171\/gobbo\/wordpress\/?page_id=915"},"modified":"2025-10-24T16:25:59","modified_gmt":"2025-10-24T20:25:59","slug":"datos","status":"publish","type":"page","link":"https:\/\/mintrabajo.gob.bo\/index.php\/datos\/","title":{"rendered":"Datos y Estad\u00edsticas"},"content":{"rendered":"\n<p>A continuaci\u00f3n se visualizan los boletines correspondientes a Informaci\u00f3n Estad\u00edstica del Ministerio de Trabajo, Empleo y Previsi\u00f3n Social.<\/p>\n","protected":false},"excerpt":{"rendered":"<p>A continuaci\u00f3n se visualizan los boletines correspondientes a Informaci\u00f3n Estad\u00edstica del Ministerio de Trabajo, Empleo y Previsi\u00f3n Social.<\/p>\n","protected":false},"author":1,"featured_media":0,"parent":0,"menu_order":0,"comment_status":"closed","ping_status":"closed","template":"template\/datos-template.php","meta":{"_acf_changed":false,"footnotes":""},"class_list":["post-915","page","type-page","status-publish","hentry"],"acf":[],"_links":{"self":[{"href":"https:\/\/mintrabajo.gob.bo\/index.php\/wp-json\/wp\/v2\/pages\/915","targetHints":{"allow":["GET"]}}],"collection":[{"href":"https:\/\/mintrabajo.gob.bo\/index.php\/wp-json\/wp\/v2\/pages"}],"about":[{"href":"https:\/\/mintrabajo.gob.bo\/index.php\/wp-json\/wp\/v2\/types\/page"}],"author":[{"embeddable":true,"href":"https:\/\/mintrabajo.gob.bo\/index.php\/wp-json\/wp\/v2\/users\/1"}],"replies":[{"embeddable":true,"href":"https:\/\/mintrabajo.gob.bo\/index.php\/wp-json\/wp\/v2\/comments?post=915"}],"version-history":[{"count":4,"href":"https:\/\/mintrabajo.gob.bo\/index.php\/wp-json\/wp\/v2\/pages\/915\/revisions"}],"predecessor-version":[{"id":19988,"href":"https:\/\/mintrabajo.gob.bo\/index.php\/wp-json\/wp\/v2\/pages\/915\/revisions\/19988"}],"wp:attachment":[{"href":"https:\/\/mintrabajo.gob.bo\/index.php\/wp-json\/wp\/v2\/media?parent=915"}],"curies":[{"name":"wp","href":"https:\/\/api.w.org\/{rel}","templated":true}]}}