{"id":20867,"date":"2025-10-29T09:05:15","date_gmt":"2025-10-29T13:05:15","guid":{"rendered":"https:\/\/mintrabajo.gob.bo\/?page_id=20867"},"modified":"2025-11-04T11:50:49","modified_gmt":"2025-11-04T15:50:49","slug":"valores-y-principios","status":"publish","type":"page","link":"https:\/\/mintrabajo.gob.bo\/index.php\/valores-y-principios\/","title":{"rendered":"Principios y Valores Institucionales"},"content":{"rendered":"\n<p><\/p>\n\n\n\n<p class=\"has-text-align-left\">Se ha determinado los Principios y Valores que el Ministerio de Trabajo, Empleo y Previsi\u00f3n Social adoptar\u00e1 para apoyar a la Raz\u00f3n de Ser y Horizonte Pol\u00edtico, con el fin de configurar la cultura institucional, el comportamiento de los servidores p\u00fablicos y sus respectivas relaciones con las y los trabajadores.<\/p>\n\n\n<div class=\"wp-block-image\">\n<figure class=\"aligncenter size-full\"><img loading=\"lazy\" decoding=\"async\" width=\"1600\" height=\"1163\" src=\"https:\/\/mintrabajo.gob.bo\/wp-content\/uploads\/2025\/10\/WhatsApp-Image-2025-10-13-at-4.18.39-PM.jpeg\" alt=\"\" class=\"wp-image-21088\"\/><\/figure>\n<\/div>\n\n\n<hr class=\"wp-block-separator has-alpha-channel-opacity\"\/>\n\n\n\n<h2 class=\"wp-block-heading\">Principios<\/h2>\n\n\n\n<ul class=\"wp-block-list\">\n<li>El Ministerio de Trabajo, Empleo y Previsi\u00f3n Social, asume y promueve como principios \u00e9tico-morales el ama qhilla, ama llulla, ama suwa (no seas flojo, no seas mentiroso ni seas ladr\u00f3n), suma qama\u00f1a (vivir bien), \u00f1andereko (vida armoniosa), teko kavi (vida buena), ivi maraei (tierra sin mal) y qhapaj \u00f1an (camino o vida noble).<\/li>\n\n\n\n<li>Transparencia y honestidad en las acciones y decisiones de las y los servidores p\u00fablicos.<\/li>\n\n\n\n<li>Solidaridad en el trabajo y en las relaciones sociales y humanas de las y los servidores p\u00fablicos.<\/li>\n\n\n\n<li>Compromiso y lealtad de las y los servidores p\u00fablicos con su trabajo y los objetivos de la entidad.<\/li>\n\n\n\n<li>Responsabilidad y eficiencia en la producci\u00f3n de pol\u00edticas y planes elaborados conforme a los resultados conseguidos.<\/li>\n\n\n\n<li>Respeto y calidez, en la atenci\u00f3n de las necesidades de las y los trabajadores del pueblo boliviano.<\/li>\n\n\n\n<li>No discriminaci\u00f3n en el trabajo, prohibi\u00e9ndose toda forma de distinci\u00f3n, exclusi\u00f3n, preferencia o restricci\u00f3n en el acceso a la informaci\u00f3n y las condiciones laborales; basadas en razones de sexo, credo, edad, estado civil, religi\u00f3n, nacionalidad, orientaci\u00f3n sexual, condici\u00f3n de discapacidad u origen social.<\/li>\n<\/ul>\n\n\n\n<hr class=\"wp-block-separator has-alpha-channel-opacity\"\/>\n\n\n\n<h2 class=\"wp-block-heading\">Valores<\/h2>\n\n\n\n<ul class=\"wp-block-list\">\n<li>El Ministerio de Trabajo, Empleo y Previsi\u00f3n Social promueve los valores de unidad, igualdad, inclusi\u00f3n, dignidad, libertad, solidaridad, respeto, armon\u00eda, equilibrio, igualdad de oportunidades, equidad social y de g\u00e9nero, para vivir bien.<\/li>\n\n\n\n<li>Equidad en t\u00e9rminos de la igualdad de oportunidades para las servidoras y los servidores p\u00fablicos.<\/li>\n\n\n\n<li>Idoneidad en el desarrollo de las actividades cotidianas que realizan las y los servidores p\u00fablicos.<\/li>\n\n\n\n<li>Complementariedad en el trabajo que realizan las y los servidores p\u00fablicos.<\/li>\n\n\n\n<li>Reciprocidad, como correspondencia mutua en el trabajo, entre servidores p\u00fablicos, trabajadoras y trabajadores.<\/li>\n<\/ul>\n","protected":false},"excerpt":{"rendered":"<p>Se ha determinado los Principios y Valores que el Ministerio de Trabajo, Empleo y Previsi\u00f3n Social adoptar\u00e1 para apoyar a la Raz\u00f3n de Ser y Horizonte Pol\u00edtico, con el fin de configurar la cultura institucional, el comportamiento de los servidores p\u00fablicos y sus respectivas relaciones con las y los trabajadores. Principios Valores<\/p>\n","protected":false},"author":16,"featured_media":0,"parent":0,"menu_order":0,"comment_status":"closed","ping_status":"closed","template":"","meta":{"_acf_changed":false,"footnotes":""},"class_list":["post-20867","page","type-page","status-publish","hentry"],"acf":[],"_links":{"self":[{"href":"https:\/\/mintrabajo.gob.bo\/index.php\/wp-json\/wp\/v2\/pages\/20867","targetHints":{"allow":["GET"]}}],"collection":[{"href":"https:\/\/mintrabajo.gob.bo\/index.php\/wp-json\/wp\/v2\/pages"}],"about":[{"href":"https:\/\/mintrabajo.gob.bo\/index.php\/wp-json\/wp\/v2\/types\/page"}],"author":[{"embeddable":true,"href":"https:\/\/mintrabajo.gob.bo\/index.php\/wp-json\/wp\/v2\/users\/16"}],"replies":[{"embeddable":true,"href":"https:\/\/mintrabajo.gob.bo\/index.php\/wp-json\/wp\/v2\/comments?post=20867"}],"version-history":[{"count":5,"href":"https:\/\/mintrabajo.gob.bo\/index.php\/wp-json\/wp\/v2\/pages\/20867\/revisions"}],"predecessor-version":[{"id":21378,"href":"https:\/\/mintrabajo.gob.bo\/index.php\/wp-json\/wp\/v2\/pages\/20867\/revisions\/21378"}],"wp:attachment":[{"href":"https:\/\/mintrabajo.gob.bo\/index.php\/wp-json\/wp\/v2\/media?parent=20867"}],"curies":[{"name":"wp","href":"https:\/\/api.w.org\/{rel}","templated":true}]}}